{"id":1562,"date":"2025-09-12T12:36:57","date_gmt":"2025-09-12T10:36:57","guid":{"rendered":"https:\/\/www.basketball-wien.at\/?page_id=1562"},"modified":"2025-09-12T12:49:48","modified_gmt":"2025-09-12T10:49:48","slug":"impressum","status":"publish","type":"page","link":"https:\/\/www.basketball-wien.at\/en\/impressum\/","title":{"rendered":"Imprint"},"content":{"rendered":"<div data-elementor-type=\"wp-page\" data-elementor-id=\"1562\" class=\"elementor elementor-1562\" data-elementor-post-type=\"page\">\n\t\t\t\t<div class=\"elementor-element elementor-element-5aaaa36 e-flex e-con-boxed e-con e-parent\" data-id=\"5aaaa36\" data-element_type=\"container\" data-settings=\"{&quot;background_background&quot;:&quot;classic&quot;}\">\n\t\t\t\t\t<div class=\"e-con-inner\">\n\t\t\t\t<div class=\"elementor-element elementor-element-6be5749 elementor-invisible elementor-widget elementor-widget-heading\" data-id=\"6be5749\" data-element_type=\"widget\" data-settings=\"{&quot;_animation&quot;:&quot;fadeIn&quot;}\" data-widget_type=\"heading.default\">\n\t\t\t\t<div class=\"elementor-widget-container\">\n\t\t\t\t\t<h1 class=\"elementor-heading-title elementor-size-default\">IMPRESSUM<\/h1>\t\t\t\t<\/div>\n\t\t\t\t<\/div>\n\t\t\t\t<div class=\"elementor-element elementor-element-28900dd elementor-widget elementor-widget-text-editor\" data-id=\"28900dd\" data-element_type=\"widget\" data-widget_type=\"text-editor.default\">\n\t\t\t\t<div class=\"elementor-widget-container\">\n\t\t\t\t\t\t\t\t\t<p>Informationspflicht laut \u00a75 E-Commerce Gesetz, \u00a763 Gewerbeordnung, \u00a714 Unternehmensgesetzbuch und Offenlegungspflicht laut \u00a725 Mediengesetz<\/p><p><strong>Club Basketball International<\/strong><\/p><p>Blindengasse 13<br \/>1080 Wien<br \/>\u00d6sterreich<\/p><p>Tel: +43 699 107 316 84<br \/>E-Mail:\u00a0<a href=\"mailto:office%40basketball-wien.at\">office@basketball-wien.at<\/a><\/p><p>\u00a0<\/p><div id=\"email_kooperatioen\"><h2>Erlaubnis f\u00fcr unaufgeforderte Zusendungen<\/h2><p>Sie haben die tempor\u00e4re Erlaubnis uns unaufgeforderte Zusendung in Form von Werbung Ihrer Produkte, Kooperationsanfragen oder Partnerschaftsanfragen zuzusenden. Daf\u00fcr wurde ein eigenes E-Mail Postfach eingerichtet, welches Sie unter\u00a0<a href=\"mailto:marketing%40basketball-wien.at\">marketing@basketball-wien.at<\/a>\u00a0erreichen k\u00f6nnen. Mit diesem Postfach ist eine tempor\u00e4re Einwilligung des Empf\u00e4ngers zur Zusendung von Informationsmaterial bis auf Widerruf gestattet. Ein etwaiger Widerruf hat zur Folge, dass keine weiteren Zusendungen oder Kontaktaufnahmen ab dem Zeitpunkt der Bekanntgabe erfolgen d\u00fcrfen.<\/p><\/div><div id=\"ihre_rechte\"><h2>Ihre Rechte<\/h2><p>Ihnen stehen bez\u00fcglich Ihrer bei uns gespeicherten Daten grunds\u00e4tzlich die Rechte auf Auskunft, Berichtigung, L\u00f6schung, Einschr\u00e4nkung, Daten\u00fcbertragbarkeit, Widerruf und Widerspruch zu. Wenn Sie glauben, dass die Verarbeitung Ihrer Daten gegen das Datenschutzrecht verst\u00f6\u00dft oder Ihre datenschutzrechtlichen Anspr\u00fcche sonst in einer Weise verletzt worden sind, k\u00f6nnen Sie sich bei der oben genannten E-Mail-Adresse oder Ihrer Datenschutzbeh\u00f6rde beschweren.<\/p><\/div><div id=\"online_streitschlichtung\"><h2>Teilnahme an Online-Streitbeilegung laut AStG und ODR-VO<\/h2><p>Verbraucher haben die M\u00f6glichkeit, Beschwerden direkt an unsere oben genannte E-Mail bzw. Postadresse zu richten oder \u00fcber eine Online-Streitbeilegungsplattform zu melden. Dar\u00fcber m\u00f6chten wir Sie gem\u00e4\u00df dem Alternative-Streitbeilegung-Gesetz (AStG) und der EU-Verordnung Online-Streitbeilegung (ODR-VO) gerne informieren.<\/p><p>Weiters m\u00f6chten wir Sie darauf hinweisen, dass die Teilnahme an einer Online-Streitbeilegungsplattform nicht verpflichtend ist, sondern lediglich auf freiwilliger Basis erfolgt. Da wir der \u00dcberzeugung sind, dass Streitereien jedoch weder f\u00fcr die eine, noch f\u00fcr die andere Partei sinnvoll und wir um L\u00f6sungen bem\u00fcht sind, bieten wir Ihnen folgende Plattformen zur Meldung an:<\/p><ul><li><a href=\"https:\/\/ec.europa.eu\/consumers\/odr\/\" target=\"_blank\" rel=\"noopener\">Online-Streitschlichtungsplattform nach Art 14 ODR-VO<\/a><\/li><\/ul><\/div>\t\t\t\t\t\t\t\t<\/div>\n\t\t\t\t<\/div>\n\t\t\t\t\t<\/div>\n\t\t\t\t<\/div>\n\t\t\t\t<\/div>","protected":false},"excerpt":{"rendered":"<p>IMPRESSUM Informationspflicht laut \u00a75 E-Commerce Gesetz, \u00a763 Gewerbeordnung, \u00a714 Unternehmensgesetzbuch und Offenlegungspflicht laut \u00a725 Mediengesetz Club Basketball International Blindengasse 131080 Wien\u00d6sterreich Tel: +43 699 107 316 84E-Mail:\u00a0office@basketball-wien.at \u00a0 Erlaubnis f\u00fcr unaufgeforderte Zusendungen Sie haben die tempor\u00e4re Erlaubnis uns unaufgeforderte Zusendung in Form von Werbung Ihrer Produkte, Kooperationsanfragen oder Partnerschaftsanfragen zuzusenden. Daf\u00fcr wurde ein eigenes E-Mail [&hellip;]<\/p>","protected":false},"author":2,"featured_media":0,"parent":0,"menu_order":0,"comment_status":"closed","ping_status":"closed","template":"","meta":{"_acf_changed":false,"footnotes":""},"class_list":["post-1562","page","type-page","status-publish","hentry"],"acf":[],"_links":{"self":[{"href":"https:\/\/www.basketball-wien.at\/en\/wp-json\/wp\/v2\/pages\/1562","targetHints":{"allow":["GET"]}}],"collection":[{"href":"https:\/\/www.basketball-wien.at\/en\/wp-json\/wp\/v2\/pages"}],"about":[{"href":"https:\/\/www.basketball-wien.at\/en\/wp-json\/wp\/v2\/types\/page"}],"author":[{"embeddable":true,"href":"https:\/\/www.basketball-wien.at\/en\/wp-json\/wp\/v2\/users\/2"}],"replies":[{"embeddable":true,"href":"https:\/\/www.basketball-wien.at\/en\/wp-json\/wp\/v2\/comments?post=1562"}],"version-history":[{"count":0,"href":"https:\/\/www.basketball-wien.at\/en\/wp-json\/wp\/v2\/pages\/1562\/revisions"}],"wp:attachment":[{"href":"https:\/\/www.basketball-wien.at\/en\/wp-json\/wp\/v2\/media?parent=1562"}],"curies":[{"name":"wp","href":"https:\/\/api.w.org\/{rel}","templated":true}]}}